{"id":353,"date":"2023-08-17T16:16:02","date_gmt":"2023-08-17T16:16:02","guid":{"rendered":"https:\/\/fortedabarra.pt\/?page_id=353"},"modified":"2023-08-18T12:02:41","modified_gmt":"2023-08-18T12:02:41","slug":"contactos","status":"publish","type":"page","link":"https:\/\/fortedabarra.pt\/index.php\/contactos\/","title":{"rendered":"Contactos"},"content":{"rendered":"\t\t<div data-elementor-type=\"wp-page\" data-elementor-id=\"353\" class=\"elementor elementor-353\">\n\t\t\t\t\t\t<section class=\"elementor-section elementor-top-section elementor-element elementor-element-d1b6eeb elementor-section-boxed elementor-section-height-default elementor-section-height-default\" data-id=\"d1b6eeb\" data-element_type=\"section\" data-e-type=\"section\">\n\t\t\t\t\t\t<div class=\"elementor-container elementor-column-gap-default\">\n\t\t\t\t\t<div class=\"elementor-column elementor-col-100 elementor-top-column elementor-element elementor-element-944bf16\" data-id=\"944bf16\" data-element_type=\"column\" data-e-type=\"column\">\n\t\t\t<div class=\"elementor-widget-wrap\">\n\t\t\t\t\t\t\t<\/div>\n\t\t<\/div>\n\t\t\t\t\t<\/div>\n\t\t<\/section>\n\t\t\t\t<section class=\"elementor-section elementor-top-section elementor-element elementor-element-c3fcff0 elementor-section-boxed elementor-section-height-default elementor-section-height-default\" data-id=\"c3fcff0\" data-element_type=\"section\" data-e-type=\"section\">\n\t\t\t\t\t\t<div class=\"elementor-container elementor-column-gap-default\">\n\t\t\t\t\t<div class=\"elementor-column elementor-col-100 elementor-top-column elementor-element elementor-element-6169afd\" data-id=\"6169afd\" data-element_type=\"column\" data-e-type=\"column\">\n\t\t\t<div class=\"elementor-widget-wrap\">\n\t\t\t\t\t\t\t<\/div>\n\t\t<\/div>\n\t\t\t\t\t<\/div>\n\t\t<\/section>\n\t\t\t\t<section class=\"elementor-section elementor-top-section elementor-element elementor-element-7bfef28 elementor-section-full_width elementor-section-content-middle elementor-section-height-default elementor-section-height-default elementor-invisible\" data-id=\"7bfef28\" data-element_type=\"section\" data-e-type=\"section\" data-settings=\"{&quot;animation&quot;:&quot;slideInDown&quot;}\">\n\t\t\t\t\t\t<div class=\"elementor-container elementor-column-gap-default\">\n\t\t\t\t\t<div class=\"elementor-column elementor-col-100 elementor-top-column elementor-element elementor-element-2d90156\" data-id=\"2d90156\" data-element_type=\"column\" data-e-type=\"column\">\n\t\t\t<div class=\"elementor-widget-wrap elementor-element-populated\">\n\t\t\t\t\t\t<div class=\"elementor-element elementor-element-a6b3cff elementor-widget__width-inherit elementor-widget elementor-widget-google_maps\" data-id=\"a6b3cff\" data-element_type=\"widget\" data-e-type=\"widget\" data-widget_type=\"google_maps.default\">\n\t\t\t\t<div class=\"elementor-widget-container\">\n\t\t\t\t\t\t\t<div class=\"elementor-custom-embed\">\n\t\t\t<iframe loading=\"lazy\"\n\t\t\t\t\tsrc=\"https:\/\/maps.google.com\/maps?q=Forte%20da%20Barra&#038;t=m&#038;z=13&#038;output=embed&#038;iwloc=near\"\n\t\t\t\t\ttitle=\"Forte da Barra\"\n\t\t\t\t\taria-label=\"Forte da Barra\"\n\t\t\t><\/iframe>\n\t\t<\/div>\n\t\t\t\t\t\t<\/div>\n\t\t\t\t<\/div>\n\t\t\t\t<div class=\"elementor-element elementor-element-3c5a2dd elementor-widget elementor-widget-spacer\" data-id=\"3c5a2dd\" data-element_type=\"widget\" data-e-type=\"widget\" data-widget_type=\"spacer.default\">\n\t\t\t\t<div class=\"elementor-widget-container\">\n\t\t\t\t\t\t\t<div class=\"elementor-spacer\">\n\t\t\t<div class=\"elementor-spacer-inner\"><\/div>\n\t\t<\/div>\n\t\t\t\t\t\t<\/div>\n\t\t\t\t<\/div>\n\t\t\t\t\t<\/div>\n\t\t<\/div>\n\t\t\t\t\t<\/div>\n\t\t<\/section>\n\t\t\t\t<section class=\"elementor-section elementor-top-section elementor-element elementor-element-927c0c2 elementor-section-boxed elementor-section-height-default elementor-section-height-default elementor-invisible\" data-id=\"927c0c2\" data-element_type=\"section\" data-e-type=\"section\" data-settings=\"{&quot;animation&quot;:&quot;slideInDown&quot;}\">\n\t\t\t\t\t\t<div class=\"elementor-container elementor-column-gap-default\">\n\t\t\t\t\t<div class=\"elementor-column elementor-col-66 elementor-top-column elementor-element elementor-element-c598e93 elementor-invisible\" data-id=\"c598e93\" data-element_type=\"column\" data-e-type=\"column\" data-settings=\"{&quot;animation&quot;:&quot;slideInDown&quot;}\">\n\t\t\t<div class=\"elementor-widget-wrap elementor-element-populated\">\n\t\t\t\t\t\t<div class=\"elementor-element elementor-element-4bd814c elementor-widget__width-initial elementor-widget elementor-widget-shortcode\" data-id=\"4bd814c\" data-element_type=\"widget\" data-e-type=\"widget\" data-widget_type=\"shortcode.default\">\n\t\t\t\t<div class=\"elementor-widget-container\">\n\t\t\t\t\t\t\t<div class=\"elementor-shortcode\">\n<div class=\"wpcf7 no-js\" id=\"wpcf7-f174-o1\" lang=\"en-US\" dir=\"ltr\" data-wpcf7-id=\"174\">\n<div class=\"screen-reader-response\"><p role=\"status\" aria-live=\"polite\" aria-atomic=\"true\"><\/p> <ul><\/ul><\/div>\n<form action=\"\/index.php\/wp-json\/wp\/v2\/pages\/353#wpcf7-f174-o1\" method=\"post\" class=\"wpcf7-form init\" aria-label=\"Contact form\" novalidate=\"novalidate\" data-status=\"init\">\n<fieldset class=\"hidden-fields-container\"><input type=\"hidden\" name=\"_wpcf7\" value=\"174\" \/><input type=\"hidden\" name=\"_wpcf7_version\" value=\"6.1.5\" \/><input type=\"hidden\" name=\"_wpcf7_locale\" value=\"en_US\" \/><input type=\"hidden\" name=\"_wpcf7_unit_tag\" value=\"wpcf7-f174-o1\" \/><input type=\"hidden\" name=\"_wpcf7_container_post\" value=\"0\" \/><input type=\"hidden\" name=\"_wpcf7_posted_data_hash\" value=\"\" \/>\n<\/fieldset>\n<div class=\"row\">\n\t<div class=\"form-group col-xl-4\">\n\t\t<p><span class=\"wpcf7-form-control-wrap\" data-name=\"text-957\"><input size=\"40\" maxlength=\"400\" class=\"wpcf7-form-control wpcf7-text wpcf7-validates-as-required form-control\" aria-required=\"true\" aria-invalid=\"false\" placeholder=\"Nome\" value=\"\" type=\"text\" name=\"text-957\" \/><\/span>\n\t\t<\/p>\n\t<\/div>\n\t<div class=\"form-group col-xl-4\">\n\t\t<p><span class=\"wpcf7-form-control-wrap\" data-name=\"email-922\"><input size=\"40\" maxlength=\"400\" class=\"wpcf7-form-control wpcf7-email wpcf7-validates-as-required wpcf7-text wpcf7-validates-as-email form-control\" aria-required=\"true\" aria-invalid=\"false\" placeholder=\"Email\" value=\"\" type=\"email\" name=\"email-922\" \/><\/span>\n\t\t<\/p>\n\t<\/div>\n\t<div class=\"form-group col-xl-4\">\n\t\t<p><span class=\"wpcf7-form-control-wrap\" data-name=\"tel-259\"><input size=\"40\" maxlength=\"400\" class=\"wpcf7-form-control wpcf7-tel wpcf7-validates-as-required wpcf7-text wpcf7-validates-as-tel form-control\" aria-required=\"true\" aria-invalid=\"false\" placeholder=\"Contacto\" value=\"\" type=\"tel\" name=\"tel-259\" \/><\/span>\n\t\t<\/p>\n\t<\/div>\n\t<div class=\"form-group col-xl-12\">\n\t\t<p><span class=\"wpcf7-form-control-wrap\" data-name=\"text-955\"><input size=\"40\" maxlength=\"400\" class=\"wpcf7-form-control wpcf7-text wpcf7-validates-as-required form-control\" aria-required=\"true\" aria-invalid=\"false\" placeholder=\"Assunto\" value=\"\" type=\"text\" name=\"text-955\" \/><\/span>\n\t\t<\/p>\n\t<\/div>\n\t<div class=\"form-group col-xl-12\">\n\t\t<p><span class=\"wpcf7-form-control-wrap\" data-name=\"textarea-512\"><textarea cols=\"40\" rows=\"10\" maxlength=\"2000\" class=\"wpcf7-form-control wpcf7-textarea wpcf7-validates-as-required form-control\" aria-required=\"true\" aria-invalid=\"false\" placeholder=\"Mensagem\" name=\"textarea-512\"><\/textarea><\/span>\n\t\t<\/p>\n\t<\/div>\n\t<div class=\"col-xl-12\">\n\t\t<div class=\"actions text-center\">\n\t\t\t<p><input class=\"wpcf7-form-control wpcf7-submit has-spinner btn btn-lg btn-contact-bg\" type=\"submit\" value=\"Enviar\" \/>\n\t\t\t<\/p>\n\t\t<\/div>\n\t<\/div>\n<\/div><div class=\"wpcf7-response-output\" aria-hidden=\"true\"><\/div>\n<\/form>\n<\/div>\n<\/div>\n\t\t\t\t\t\t<\/div>\n\t\t\t\t<\/div>\n\t\t\t\t\t<\/div>\n\t\t<\/div>\n\t\t\t\t<div class=\"elementor-column elementor-col-33 elementor-top-column elementor-element elementor-element-031f9c9 elementor-invisible\" data-id=\"031f9c9\" data-element_type=\"column\" data-e-type=\"column\" data-settings=\"{&quot;animation&quot;:&quot;slideInRight&quot;}\">\n\t\t\t<div class=\"elementor-widget-wrap elementor-element-populated\">\n\t\t\t\t\t\t<div class=\"elementor-element elementor-element-b1b2ea8 elementor-icon-list--layout-traditional elementor-list-item-link-full_width elementor-widget elementor-widget-icon-list\" data-id=\"b1b2ea8\" data-element_type=\"widget\" data-e-type=\"widget\" data-widget_type=\"icon-list.default\">\n\t\t\t\t<div class=\"elementor-widget-container\">\n\t\t\t\t\t\t\t<ul class=\"elementor-icon-list-items\">\n\t\t\t\t\t\t\t<li class=\"elementor-icon-list-item\">\n\t\t\t\t\t\t\t\t\t\t\t<a href=\"tel:351964826060\">\n\n\t\t\t\t\t\t\t\t\t\t\t\t<span class=\"elementor-icon-list-icon\">\n\t\t\t\t\t\t\t<i aria-hidden=\"true\" class=\"fas fa-phone\"><\/i>\t\t\t\t\t\t<\/span>\n\t\t\t\t\t\t\t\t\t\t<span class=\"elementor-icon-list-text\">AM | +351 964826060<\/span>\n\t\t\t\t\t\t\t\t\t\t\t<\/a>\n\t\t\t\t\t\t\t\t\t<\/li>\n\t\t\t\t\t\t\t\t<li class=\"elementor-icon-list-item\">\n\t\t\t\t\t\t\t\t\t\t\t<a href=\"tel:351962431437\">\n\n\t\t\t\t\t\t\t\t\t\t\t\t<span class=\"elementor-icon-list-icon\">\n\t\t\t\t\t\t\t<i aria-hidden=\"true\" class=\"fas fa-phone\"><\/i>\t\t\t\t\t\t<\/span>\n\t\t\t\t\t\t\t\t\t\t<span class=\"elementor-icon-list-text\">PM | +351 962431437<\/span>\n\t\t\t\t\t\t\t\t\t\t\t<\/a>\n\t\t\t\t\t\t\t\t\t<\/li>\n\t\t\t\t\t\t\t\t<li class=\"elementor-icon-list-item\">\n\t\t\t\t\t\t\t\t\t\t\t<span class=\"elementor-icon-list-icon\">\n\t\t\t\t\t\t\t<i aria-hidden=\"true\" class=\"fas fa-envelope\"><\/i>\t\t\t\t\t\t<\/span>\n\t\t\t\t\t\t\t\t\t\t<span class=\"elementor-icon-list-text\">info@fortedabarra.pt<\/span>\n\t\t\t\t\t\t\t\t\t<\/li>\n\t\t\t\t\t\t\t\t<li class=\"elementor-icon-list-item\">\n\t\t\t\t\t\t\t\t\t\t\t<span class=\"elementor-icon-list-icon\">\n\t\t\t\t\t\t\t<i aria-hidden=\"true\" class=\"fas fa-envelope\"><\/i>\t\t\t\t\t\t<\/span>\n\t\t\t\t\t\t\t\t\t\t<span class=\"elementor-icon-list-text\">promotor@fortedabarra.pt<\/span>\n\t\t\t\t\t\t\t\t\t<\/li>\n\t\t\t\t\t\t\t\t<li class=\"elementor-icon-list-item\">\n\t\t\t\t\t\t\t\t\t\t\t<span class=\"elementor-icon-list-icon\">\n\t\t\t\t\t\t\t<i aria-hidden=\"true\" class=\"fas fa-envelope\"><\/i>\t\t\t\t\t\t<\/span>\n\t\t\t\t\t\t\t\t\t\t<span class=\"elementor-icon-list-text\">investimento@fortedabarra.pt<\/span>\n\t\t\t\t\t\t\t\t\t<\/li>\n\t\t\t\t\t\t\t\t<li class=\"elementor-icon-list-item\">\n\t\t\t\t\t\t\t\t\t\t\t<span class=\"elementor-icon-list-icon\">\n\t\t\t\t\t\t\t<i aria-hidden=\"true\" class=\"fas fa-map-marker-alt\"><\/i>\t\t\t\t\t\t<\/span>\n\t\t\t\t\t\t\t\t\t\t<span class=\"elementor-icon-list-text\">Gafanha da Nazar\u00e9, \u00cdlhavo<\/span>\n\t\t\t\t\t\t\t\t\t<\/li>\n\t\t\t\t\t\t<\/ul>\n\t\t\t\t\t\t<\/div>\n\t\t\t\t<\/div>\n\t\t\t\t\t<\/div>\n\t\t<\/div>\n\t\t\t\t\t<\/div>\n\t\t<\/section>\n\t\t\t\t<\/div>\n\t\t","protected":false},"excerpt":{"rendered":"<p>AM | +351 964826060 PM | +351 962431437 info@fortedabarra.pt promotor@fortedabarra.pt investimento@fortedabarra.pt Gafanha da Nazar\u00e9, \u00cdlhavo<\/p>\n","protected":false},"author":1,"featured_media":0,"parent":0,"menu_order":0,"comment_status":"closed","ping_status":"closed","template":"elementor_header_footer","meta":{"footnotes":""},"class_list":["post-353","page","type-page","status-publish","hentry"],"yoast_head":"<!-- This site is optimized with the Yoast SEO plugin v27.5 - https:\/\/yoast.com\/product\/yoast-seo-wordpress\/ -->\n<title>Contactos - Forte da Barra<\/title>\n<meta name=\"description\" content=\"Descubra o Forte da Barra: Um \u00edcone hist\u00f3rico na margem da Ria de Aveiro, com vis\u00e3o panor\u00e2mica da cidade e da Ria. Explore o rico patrim\u00f3nio natural e cultural de Gafanha da Nazar\u00e9, Aveiro. Uma janela para o passado, agora aberta para todos os visitantes. Localizado em Aveiro, Portugal.\" \/>\n<meta name=\"robots\" content=\"index, follow, max-snippet:-1, max-image-preview:large, max-video-preview:-1\" \/>\n<link rel=\"canonical\" href=\"https:\/\/fortedabarra.pt\/index.php\/contactos\/\" \/>\n<meta property=\"og:locale\" content=\"pt_PT\" \/>\n<meta property=\"og:type\" content=\"article\" \/>\n<meta property=\"og:title\" content=\"Contactos - Forte da Barra\" \/>\n<meta property=\"og:description\" content=\"Descubra o Forte da Barra: Um \u00edcone hist\u00f3rico na margem da Ria de Aveiro, com vis\u00e3o panor\u00e2mica da cidade e da Ria. Explore o rico patrim\u00f3nio natural e cultural de Gafanha da Nazar\u00e9, Aveiro. Uma janela para o passado, agora aberta para todos os visitantes. Localizado em Aveiro, Portugal.\" \/>\n<meta property=\"og:url\" content=\"https:\/\/fortedabarra.pt\/index.php\/contactos\/\" \/>\n<meta property=\"og:site_name\" content=\"Forte da Barra\" \/>\n<meta property=\"article:modified_time\" content=\"2023-08-18T12:02:41+00:00\" \/>\n<meta name=\"twitter:card\" content=\"summary_large_image\" \/>\n<meta name=\"twitter:label1\" content=\"Tempo estimado de leitura\" \/>\n\t<meta name=\"twitter:data1\" content=\"1 minuto\" \/>\n<script type=\"application\/ld+json\" class=\"yoast-schema-graph\">{\"@context\":\"https:\\\/\\\/schema.org\",\"@graph\":[{\"@type\":\"WebPage\",\"@id\":\"https:\\\/\\\/fortedabarra.pt\\\/index.php\\\/contactos\\\/\",\"url\":\"https:\\\/\\\/fortedabarra.pt\\\/index.php\\\/contactos\\\/\",\"name\":\"Contactos - Forte da Barra\",\"isPartOf\":{\"@id\":\"https:\\\/\\\/fortedabarra.pt\\\/#website\"},\"datePublished\":\"2023-08-17T16:16:02+00:00\",\"dateModified\":\"2023-08-18T12:02:41+00:00\",\"description\":\"Descubra o Forte da Barra: Um \u00edcone hist\u00f3rico na margem da Ria de Aveiro, com vis\u00e3o panor\u00e2mica da cidade e da Ria. Explore o rico patrim\u00f3nio natural e cultural de Gafanha da Nazar\u00e9, Aveiro. Uma janela para o passado, agora aberta para todos os visitantes. Localizado em Aveiro, Portugal.\",\"breadcrumb\":{\"@id\":\"https:\\\/\\\/fortedabarra.pt\\\/index.php\\\/contactos\\\/#breadcrumb\"},\"inLanguage\":\"pt-PT\",\"potentialAction\":[{\"@type\":\"ReadAction\",\"target\":[\"https:\\\/\\\/fortedabarra.pt\\\/index.php\\\/contactos\\\/\"]}]},{\"@type\":\"BreadcrumbList\",\"@id\":\"https:\\\/\\\/fortedabarra.pt\\\/index.php\\\/contactos\\\/#breadcrumb\",\"itemListElement\":[{\"@type\":\"ListItem\",\"position\":1,\"name\":\"Home\",\"item\":\"https:\\\/\\\/fortedabarra.pt\\\/\"},{\"@type\":\"ListItem\",\"position\":2,\"name\":\"Contactos\"}]},{\"@type\":\"WebSite\",\"@id\":\"https:\\\/\\\/fortedabarra.pt\\\/#website\",\"url\":\"https:\\\/\\\/fortedabarra.pt\\\/\",\"name\":\"Forte da Barra\",\"description\":\"Empreendimento do FORTE da BARRA Um legado\u00a0para\u00a0o\u00a0futuro!\",\"publisher\":{\"@id\":\"https:\\\/\\\/fortedabarra.pt\\\/#organization\"},\"potentialAction\":[{\"@type\":\"SearchAction\",\"target\":{\"@type\":\"EntryPoint\",\"urlTemplate\":\"https:\\\/\\\/fortedabarra.pt\\\/?s={search_term_string}\"},\"query-input\":{\"@type\":\"PropertyValueSpecification\",\"valueRequired\":true,\"valueName\":\"search_term_string\"}}],\"inLanguage\":\"pt-PT\"},{\"@type\":\"Organization\",\"@id\":\"https:\\\/\\\/fortedabarra.pt\\\/#organization\",\"name\":\"Forte da Barra\",\"url\":\"https:\\\/\\\/fortedabarra.pt\\\/\",\"logo\":{\"@type\":\"ImageObject\",\"inLanguage\":\"pt-PT\",\"@id\":\"https:\\\/\\\/fortedabarra.pt\\\/#\\\/schema\\\/logo\\\/image\\\/\",\"url\":\"https:\\\/\\\/fortedabarra.pt\\\/wp-content\\\/uploads\\\/2023\\\/08\\\/cropped-Forte-da-Barra_logo-site.png\",\"contentUrl\":\"https:\\\/\\\/fortedabarra.pt\\\/wp-content\\\/uploads\\\/2023\\\/08\\\/cropped-Forte-da-Barra_logo-site.png\",\"width\":292,\"height\":292,\"caption\":\"Forte da Barra\"},\"image\":{\"@id\":\"https:\\\/\\\/fortedabarra.pt\\\/#\\\/schema\\\/logo\\\/image\\\/\"}}]}<\/script>\n<!-- \/ Yoast SEO plugin. -->","yoast_head_json":{"title":"Contactos - Forte da Barra","description":"Descubra o Forte da Barra: Um \u00edcone hist\u00f3rico na margem da Ria de Aveiro, com vis\u00e3o panor\u00e2mica da cidade e da Ria. Explore o rico patrim\u00f3nio natural e cultural de Gafanha da Nazar\u00e9, Aveiro. Uma janela para o passado, agora aberta para todos os visitantes. Localizado em Aveiro, Portugal.","robots":{"index":"index","follow":"follow","max-snippet":"max-snippet:-1","max-image-preview":"max-image-preview:large","max-video-preview":"max-video-preview:-1"},"canonical":"https:\/\/fortedabarra.pt\/index.php\/contactos\/","og_locale":"pt_PT","og_type":"article","og_title":"Contactos - Forte da Barra","og_description":"Descubra o Forte da Barra: Um \u00edcone hist\u00f3rico na margem da Ria de Aveiro, com vis\u00e3o panor\u00e2mica da cidade e da Ria. Explore o rico patrim\u00f3nio natural e cultural de Gafanha da Nazar\u00e9, Aveiro. Uma janela para o passado, agora aberta para todos os visitantes. Localizado em Aveiro, Portugal.","og_url":"https:\/\/fortedabarra.pt\/index.php\/contactos\/","og_site_name":"Forte da Barra","article_modified_time":"2023-08-18T12:02:41+00:00","twitter_card":"summary_large_image","twitter_misc":{"Tempo estimado de leitura":"1 minuto"},"schema":{"@context":"https:\/\/schema.org","@graph":[{"@type":"WebPage","@id":"https:\/\/fortedabarra.pt\/index.php\/contactos\/","url":"https:\/\/fortedabarra.pt\/index.php\/contactos\/","name":"Contactos - Forte da Barra","isPartOf":{"@id":"https:\/\/fortedabarra.pt\/#website"},"datePublished":"2023-08-17T16:16:02+00:00","dateModified":"2023-08-18T12:02:41+00:00","description":"Descubra o Forte da Barra: Um \u00edcone hist\u00f3rico na margem da Ria de Aveiro, com vis\u00e3o panor\u00e2mica da cidade e da Ria. Explore o rico patrim\u00f3nio natural e cultural de Gafanha da Nazar\u00e9, Aveiro. Uma janela para o passado, agora aberta para todos os visitantes. Localizado em Aveiro, Portugal.","breadcrumb":{"@id":"https:\/\/fortedabarra.pt\/index.php\/contactos\/#breadcrumb"},"inLanguage":"pt-PT","potentialAction":[{"@type":"ReadAction","target":["https:\/\/fortedabarra.pt\/index.php\/contactos\/"]}]},{"@type":"BreadcrumbList","@id":"https:\/\/fortedabarra.pt\/index.php\/contactos\/#breadcrumb","itemListElement":[{"@type":"ListItem","position":1,"name":"Home","item":"https:\/\/fortedabarra.pt\/"},{"@type":"ListItem","position":2,"name":"Contactos"}]},{"@type":"WebSite","@id":"https:\/\/fortedabarra.pt\/#website","url":"https:\/\/fortedabarra.pt\/","name":"Forte da Barra","description":"Empreendimento do FORTE da BARRA Um legado\u00a0para\u00a0o\u00a0futuro!","publisher":{"@id":"https:\/\/fortedabarra.pt\/#organization"},"potentialAction":[{"@type":"SearchAction","target":{"@type":"EntryPoint","urlTemplate":"https:\/\/fortedabarra.pt\/?s={search_term_string}"},"query-input":{"@type":"PropertyValueSpecification","valueRequired":true,"valueName":"search_term_string"}}],"inLanguage":"pt-PT"},{"@type":"Organization","@id":"https:\/\/fortedabarra.pt\/#organization","name":"Forte da Barra","url":"https:\/\/fortedabarra.pt\/","logo":{"@type":"ImageObject","inLanguage":"pt-PT","@id":"https:\/\/fortedabarra.pt\/#\/schema\/logo\/image\/","url":"https:\/\/fortedabarra.pt\/wp-content\/uploads\/2023\/08\/cropped-Forte-da-Barra_logo-site.png","contentUrl":"https:\/\/fortedabarra.pt\/wp-content\/uploads\/2023\/08\/cropped-Forte-da-Barra_logo-site.png","width":292,"height":292,"caption":"Forte da Barra"},"image":{"@id":"https:\/\/fortedabarra.pt\/#\/schema\/logo\/image\/"}}]}},"_links":{"self":[{"href":"https:\/\/fortedabarra.pt\/index.php\/wp-json\/wp\/v2\/pages\/353","targetHints":{"allow":["GET"]}}],"collection":[{"href":"https:\/\/fortedabarra.pt\/index.php\/wp-json\/wp\/v2\/pages"}],"about":[{"href":"https:\/\/fortedabarra.pt\/index.php\/wp-json\/wp\/v2\/types\/page"}],"author":[{"embeddable":true,"href":"https:\/\/fortedabarra.pt\/index.php\/wp-json\/wp\/v2\/users\/1"}],"replies":[{"embeddable":true,"href":"https:\/\/fortedabarra.pt\/index.php\/wp-json\/wp\/v2\/comments?post=353"}],"version-history":[{"count":13,"href":"https:\/\/fortedabarra.pt\/index.php\/wp-json\/wp\/v2\/pages\/353\/revisions"}],"predecessor-version":[{"id":419,"href":"https:\/\/fortedabarra.pt\/index.php\/wp-json\/wp\/v2\/pages\/353\/revisions\/419"}],"wp:attachment":[{"href":"https:\/\/fortedabarra.pt\/index.php\/wp-json\/wp\/v2\/media?parent=353"}],"curies":[{"name":"wp","href":"https:\/\/api.w.org\/{rel}","templated":true}]}}