{"id":256,"date":"2023-08-16T15:36:48","date_gmt":"2023-08-16T15:36:48","guid":{"rendered":"https:\/\/fortedabarra.pt\/?page_id=256"},"modified":"2023-10-10T15:54:52","modified_gmt":"2023-10-10T15:54:52","slug":"empreendimento-turistico","status":"publish","type":"page","link":"https:\/\/fortedabarra.pt\/index.php\/empreendimento-turistico\/","title":{"rendered":"Empreendimento"},"content":{"rendered":"\t\t<div data-elementor-type=\"wp-page\" data-elementor-id=\"256\" class=\"elementor elementor-256\">\n\t\t\t\t\t\t<section class=\"elementor-section elementor-top-section elementor-element elementor-element-42887a4 elementor-section-boxed elementor-section-height-default elementor-section-height-default\" data-id=\"42887a4\" data-element_type=\"section\" data-e-type=\"section\">\n\t\t\t\t\t\t<div class=\"elementor-container elementor-column-gap-default\">\n\t\t\t\t\t<div class=\"elementor-column elementor-col-100 elementor-top-column elementor-element elementor-element-dbd193b\" data-id=\"dbd193b\" data-element_type=\"column\" data-e-type=\"column\">\n\t\t\t<div class=\"elementor-widget-wrap elementor-element-populated\">\n\t\t\t\t\t\t<div class=\"elementor-element elementor-element-7c51838 elementor-widget elementor-widget-heading\" data-id=\"7c51838\" data-element_type=\"widget\" data-e-type=\"widget\" data-widget_type=\"heading.default\">\n\t\t\t\t<div class=\"elementor-widget-container\">\n\t\t\t\t\t<h2 class=\"elementor-heading-title elementor-size-default\">Add Your Heading Text Here<\/h2>\t\t\t\t<\/div>\n\t\t\t\t<\/div>\n\t\t\t\t\t<\/div>\n\t\t<\/div>\n\t\t\t\t\t<\/div>\n\t\t<\/section>\n\t\t\t\t<section class=\"elementor-section elementor-top-section elementor-element elementor-element-e2eeafe elementor-section-boxed elementor-section-height-default elementor-section-height-default\" data-id=\"e2eeafe\" data-element_type=\"section\" data-e-type=\"section\">\n\t\t\t\t\t\t<div class=\"elementor-container elementor-column-gap-default\">\n\t\t\t\t\t<div class=\"elementor-column elementor-col-100 elementor-top-column elementor-element elementor-element-3f12114\" data-id=\"3f12114\" data-element_type=\"column\" data-e-type=\"column\">\n\t\t\t<div class=\"elementor-widget-wrap\">\n\t\t\t\t\t\t\t<\/div>\n\t\t<\/div>\n\t\t\t\t\t<\/div>\n\t\t<\/section>\n\t\t\t\t<section class=\"elementor-section elementor-top-section elementor-element elementor-element-3352d50 elementor-section-boxed elementor-section-height-default elementor-section-height-default\" data-id=\"3352d50\" data-element_type=\"section\" data-e-type=\"section\">\n\t\t\t\t\t\t<div class=\"elementor-container elementor-column-gap-default\">\n\t\t\t\t\t<div class=\"elementor-column elementor-col-100 elementor-top-column elementor-element elementor-element-4abe48b\" data-id=\"4abe48b\" data-element_type=\"column\" data-e-type=\"column\">\n\t\t\t<div class=\"elementor-widget-wrap\">\n\t\t\t\t\t\t\t<\/div>\n\t\t<\/div>\n\t\t\t\t\t<\/div>\n\t\t<\/section>\n\t\t\t\t<section class=\"elementor-section elementor-top-section elementor-element elementor-element-21619e6 elementor-reverse-tablet elementor-reverse-mobile elementor-section-boxed elementor-section-height-default elementor-section-height-default\" data-id=\"21619e6\" data-element_type=\"section\" data-e-type=\"section\">\n\t\t\t\t\t\t<div class=\"elementor-container elementor-column-gap-default\">\n\t\t\t\t\t<div class=\"elementor-column elementor-col-100 elementor-top-column elementor-element elementor-element-a830e54\" data-id=\"a830e54\" data-element_type=\"column\" data-e-type=\"column\">\n\t\t\t<div class=\"elementor-widget-wrap\">\n\t\t\t\t\t\t\t<\/div>\n\t\t<\/div>\n\t\t\t\t\t<\/div>\n\t\t<\/section>\n\t\t\t\t<section class=\"elementor-section elementor-top-section elementor-element elementor-element-7aebc10 elementor-section-boxed elementor-section-height-default elementor-section-height-default\" data-id=\"7aebc10\" data-element_type=\"section\" data-e-type=\"section\">\n\t\t\t\t\t\t<div class=\"elementor-container elementor-column-gap-default\">\n\t\t\t\t\t<div class=\"elementor-column elementor-col-100 elementor-top-column elementor-element elementor-element-c13c9e9\" data-id=\"c13c9e9\" data-element_type=\"column\" data-e-type=\"column\">\n\t\t\t<div class=\"elementor-widget-wrap elementor-element-populated\">\n\t\t\t\t\t\t<div class=\"elementor-element elementor-element-a8dcf69 elementor-widget elementor-widget-heading\" data-id=\"a8dcf69\" data-element_type=\"widget\" data-e-type=\"widget\" data-widget_type=\"heading.default\">\n\t\t\t\t<div class=\"elementor-widget-container\">\n\t\t\t\t\t<h2 class=\"elementor-heading-title elementor-size-default\">EMPREENDIMENTO<\/h2>\t\t\t\t<\/div>\n\t\t\t\t<\/div>\n\t\t\t\t\t<\/div>\n\t\t<\/div>\n\t\t\t\t\t<\/div>\n\t\t<\/section>\n\t\t\t\t<section class=\"elementor-section elementor-top-section elementor-element elementor-element-e93e9aa elementor-section-boxed elementor-section-height-default elementor-section-height-default\" data-id=\"e93e9aa\" data-element_type=\"section\" data-e-type=\"section\">\n\t\t\t\t\t\t<div class=\"elementor-container elementor-column-gap-default\">\n\t\t\t\t\t<div class=\"elementor-column elementor-col-50 elementor-top-column elementor-element elementor-element-68c9fbf\" data-id=\"68c9fbf\" data-element_type=\"column\" data-e-type=\"column\">\n\t\t\t<div class=\"elementor-widget-wrap elementor-element-populated\">\n\t\t\t\t\t\t<div class=\"elementor-element elementor-element-456ab19 elementor-widget elementor-widget-heading\" data-id=\"456ab19\" data-element_type=\"widget\" data-e-type=\"widget\" data-widget_type=\"heading.default\">\n\t\t\t\t<div class=\"elementor-widget-container\">\n\t\t\t\t\t<h5 class=\"elementor-heading-title elementor-size-default\">LOCALIZA\u00c7\u00c3O<\/h5>\t\t\t\t<\/div>\n\t\t\t\t<\/div>\n\t\t\t\t<div class=\"elementor-element elementor-element-5b873d7 elementor-widget elementor-widget-text-editor\" data-id=\"5b873d7\" data-element_type=\"widget\" data-e-type=\"widget\" data-widget_type=\"text-editor.default\">\n\t\t\t\t<div class=\"elementor-widget-container\">\n\t\t\t\t\t\t\t\t\t<p class=\"font_8 wixui-rich-text__text\" style=\"background: transparent; border: 0px; outline: 0px; padding: 0px; vertical-align: baseline; pointer-events: auto; font-size: 16px; color: rgb(var(--color_15)); margin-block: 0px; margin-right: 0px; margin-bottom: 0px; margin-left: 0px;\"><span class=\"wixui-rich-text__text\" style=\"background: transparent; border: 0px; margin: 0px; outline: 0px; padding: 0px; vertical-align: baseline;\">Destaca-se na margem da Ria de Aveiro pela sua torre de sinais estrategicamente colocada na foz do Rio Vouga, com uma vis\u00e3o ampla e privilegiada sobre a cidade e a Ria de Aveiro.<\/span><\/p><p class=\"font_8 wixui-rich-text__text\" style=\"background: transparent; border: 0px; outline: 0px; padding: 0px; vertical-align: baseline; pointer-events: auto; font-size: 16px; color: rgb(var(--color_15)); margin-block: 0px; margin-right: 0px; margin-bottom: 0px; margin-left: 0px;\"><span class=\"wixui-rich-text__text\" style=\"background: transparent; border: 0px; margin: 0px; outline: 0px; padding: 0px; vertical-align: baseline;\">A zona onde o Forte se encontra inserido, \u00e9 rica em patrim\u00f3nio natural e arquitet\u00f3nico, particularmente o centro hist\u00f3rico e zona ribeirinha de Aveiro, a Praia da Costa Nova, a Reserva Natural de S\u00e3o Jacinto e as Salinas de Aveiro. Al\u00e9m de um projecto de \u00e2mbito tur\u00edstico, torna-se na consolida\u00e7\u00e3o da mem\u00f3ria cultural e social, afeta \u00e0s gentes locais.<\/span><\/p>\t\t\t\t\t\t\t\t<\/div>\n\t\t\t\t<\/div>\n\t\t\t\t\t<\/div>\n\t\t<\/div>\n\t\t\t\t<div class=\"elementor-column elementor-col-50 elementor-top-column elementor-element elementor-element-9dc2990\" data-id=\"9dc2990\" data-element_type=\"column\" data-e-type=\"column\">\n\t\t\t<div class=\"elementor-widget-wrap elementor-element-populated\">\n\t\t\t\t\t\t<div class=\"elementor-element elementor-element-bf643bd elementor-widget elementor-widget-image\" data-id=\"bf643bd\" data-element_type=\"widget\" data-e-type=\"widget\" data-widget_type=\"image.default\">\n\t\t\t\t<div class=\"elementor-widget-container\">\n\t\t\t\t\t\t\t\t\t\t\t\t<figure class=\"wp-caption\">\n\t\t\t\t\t\t\t\t\t\t<img fetchpriority=\"high\" decoding=\"async\" width=\"640\" height=\"412\" src=\"https:\/\/fortedabarra.pt\/wp-content\/uploads\/2023\/08\/Forte02_900.jpg\" class=\"attachment-large size-large wp-image-265\" alt=\"\" srcset=\"https:\/\/fortedabarra.pt\/wp-content\/uploads\/2023\/08\/Forte02_900.jpg 900w, https:\/\/fortedabarra.pt\/wp-content\/uploads\/2023\/08\/Forte02_900-300x193.jpg 300w, https:\/\/fortedabarra.pt\/wp-content\/uploads\/2023\/08\/Forte02_900-768x495.jpg 768w\" sizes=\"(max-width: 640px) 100vw, 640px\" \/>\t\t\t\t\t\t\t\t\t\t\t<figcaption class=\"widget-image-caption wp-caption-text\">Gafanha da Nazar\u00e9 - Aveiro<\/figcaption>\n\t\t\t\t\t\t\t\t\t\t<\/figure>\n\t\t\t\t\t\t\t\t\t<\/div>\n\t\t\t\t<\/div>\n\t\t\t\t\t<\/div>\n\t\t<\/div>\n\t\t\t\t\t<\/div>\n\t\t<\/section>\n\t\t\t\t<section class=\"elementor-section elementor-top-section elementor-element elementor-element-1c79d3e elementor-section-boxed elementor-section-height-default elementor-section-height-default\" data-id=\"1c79d3e\" data-element_type=\"section\" data-e-type=\"section\">\n\t\t\t\t\t\t<div class=\"elementor-container elementor-column-gap-default\">\n\t\t\t\t\t<div class=\"elementor-column elementor-col-50 elementor-top-column elementor-element elementor-element-485683c\" data-id=\"485683c\" data-element_type=\"column\" data-e-type=\"column\">\n\t\t\t<div class=\"elementor-widget-wrap elementor-element-populated\">\n\t\t\t\t\t\t<div class=\"elementor-element elementor-element-faec0f8 elementor-widget elementor-widget-heading\" data-id=\"faec0f8\" data-element_type=\"widget\" data-e-type=\"widget\" data-widget_type=\"heading.default\">\n\t\t\t\t<div class=\"elementor-widget-container\">\n\t\t\t\t\t<h5 class=\"elementor-heading-title elementor-size-default\">CONTEXTO HIST\u00d3RICO<\/h5>\t\t\t\t<\/div>\n\t\t\t\t<\/div>\n\t\t\t\t<div class=\"elementor-element elementor-element-08b424e elementor-widget elementor-widget-text-editor\" data-id=\"08b424e\" data-element_type=\"widget\" data-e-type=\"widget\" data-widget_type=\"text-editor.default\">\n\t\t\t\t<div class=\"elementor-widget-container\">\n\t\t\t\t\t\t\t\t\t<div id=\"comp-l7l0bd7v\" class=\"KcpHeO tz5f0K comp-l7l0bd7v wixui-rich-text\" data-testid=\"richTextElement\">&nbsp;<span style=\"color: var( --e-global-color-text ); font-family: var( --e-global-typography-text-font-family ), Sans-serif; font-weight: var( --e-global-typography-text-font-weight ); background-color: var(--bs-body-bg); text-align: var(--bs-body-text-align);\">O Forte da Barra encontra-se implantado numa na ilha de M\u00f3 de Baixo, distrito de Aveiro.<\/span><\/div><div id=\"comp-l7l15p4x\" class=\"KcpHeO tz5f0K comp-l7l15p4x wixui-rich-text\" data-testid=\"richTextElement\">\n<p class=\"font_8 wixui-rich-text__text\">C<span class=\"wixui-rich-text__text\">onstru\u00eddo no s\u00e9culo XVII, durante a Guerra da Restaura\u00e7\u00e3o para defesa da foz do Rio Vouga, fazendo parte de um conjunto de fortalezas edificadas entre 1642 e 1648.<\/span><\/p>\n<p class=\"font_8 wixui-rich-text__text\"><span class=\"wixui-rich-text__text\">Durante as Invas\u00f5es Francesas, servia tamb\u00e9m como pris\u00e3o.<\/span><\/p>\n<p class=\"font_8 wixui-rich-text__text\"><span class=\"wixui-rich-text__text\">Em meados do s\u00e9c. XIX perde a import\u00e2ncia defensiva e estrat\u00e9gica mas servindo como auxilia \u00e0 navega\u00e7\u00e3o na entrada dos barcos na ria, at\u00e9 ao final desse s\u00e9culo.<\/span><\/p>\n<p class=\"font_8 wixui-rich-text__text\"><span class=\"wixui-rich-text__text\">No s\u00e9culo XX, o forte foi adquirido \u00e0 Marinha Portuguesa pela Dire\u00e7\u00e3o Geral de Porto, sendo utilizado como resid\u00eancia e posteriormente como armaz\u00e9m.<\/span><\/p>\n<\/div>\t\t\t\t\t\t\t\t<\/div>\n\t\t\t\t<\/div>\n\t\t\t\t\t<\/div>\n\t\t<\/div>\n\t\t\t\t<div class=\"elementor-column elementor-col-50 elementor-top-column elementor-element elementor-element-5984139\" data-id=\"5984139\" data-element_type=\"column\" data-e-type=\"column\">\n\t\t\t<div class=\"elementor-widget-wrap elementor-element-populated\">\n\t\t\t\t\t\t<div class=\"elementor-element elementor-element-fc64dff elementor-widget__width-inherit elementor-widget elementor-widget-image-gallery\" data-id=\"fc64dff\" data-element_type=\"widget\" data-e-type=\"widget\" data-widget_type=\"image-gallery.default\">\n\t\t\t\t<div class=\"elementor-widget-container\">\n\t\t\t\t\t\t\t<div class=\"elementor-image-gallery\">\n\t\t\t<div id='gallery-1' class='gallery galleryid-256 gallery-columns-2 gallery-size-thumbnail'><figure class='gallery-item'>\n\t\t\t<div class='gallery-icon landscape'>\n\t\t\t\t<a data-elementor-open-lightbox=\"yes\" data-elementor-lightbox-slideshow=\"fc64dff\" data-elementor-lightbox-title=\"FORTE_Barra\" data-e-action-hash=\"#elementor-action%3Aaction%3Dlightbox%26settings%3DeyJpZCI6MjY2LCJ1cmwiOiJodHRwczpcL1wvZm9ydGVkYWJhcnJhLnB0XC93cC1jb250ZW50XC91cGxvYWRzXC8yMDIzXC8wOFwvRk9SVEVfQmFycmEuanBnIiwic2xpZGVzaG93IjoiZmM2NGRmZiJ9\" href='https:\/\/fortedabarra.pt\/wp-content\/uploads\/2023\/08\/FORTE_Barra.jpg'><img decoding=\"async\" width=\"150\" height=\"150\" src=\"https:\/\/fortedabarra.pt\/wp-content\/uploads\/2023\/08\/FORTE_Barra-150x150.jpg\" class=\"attachment-thumbnail size-thumbnail\" alt=\"\" \/><\/a>\n\t\t\t<\/div><\/figure><figure class='gallery-item'>\n\t\t\t<div class='gallery-icon landscape'>\n\t\t\t\t<a data-elementor-open-lightbox=\"yes\" data-elementor-lightbox-slideshow=\"fc64dff\" data-elementor-lightbox-title=\"Forte_Barra_2\" data-e-action-hash=\"#elementor-action%3Aaction%3Dlightbox%26settings%3DeyJpZCI6MjY3LCJ1cmwiOiJodHRwczpcL1wvZm9ydGVkYWJhcnJhLnB0XC93cC1jb250ZW50XC91cGxvYWRzXC8yMDIzXC8wOFwvRm9ydGVfQmFycmFfMi0xLmpwZyIsInNsaWRlc2hvdyI6ImZjNjRkZmYifQ%3D%3D\" href='https:\/\/fortedabarra.pt\/wp-content\/uploads\/2023\/08\/Forte_Barra_2-1.jpg'><img decoding=\"async\" width=\"150\" height=\"150\" src=\"https:\/\/fortedabarra.pt\/wp-content\/uploads\/2023\/08\/Forte_Barra_2-1-150x150.jpg\" class=\"attachment-thumbnail size-thumbnail\" alt=\"\" \/><\/a>\n\t\t\t<\/div><\/figure><figure class='gallery-item'>\n\t\t\t<div class='gallery-icon landscape'>\n\t\t\t\t<a data-elementor-open-lightbox=\"yes\" data-elementor-lightbox-slideshow=\"fc64dff\" data-elementor-lightbox-title=\"Forte_da_Barra\" data-e-action-hash=\"#elementor-action%3Aaction%3Dlightbox%26settings%3DeyJpZCI6MjY4LCJ1cmwiOiJodHRwczpcL1wvZm9ydGVkYWJhcnJhLnB0XC93cC1jb250ZW50XC91cGxvYWRzXC8yMDIzXC8wOFwvRm9ydGVfZGFfQmFycmEuanBnIiwic2xpZGVzaG93IjoiZmM2NGRmZiJ9\" href='https:\/\/fortedabarra.pt\/wp-content\/uploads\/2023\/08\/Forte_da_Barra.jpg'><img loading=\"lazy\" decoding=\"async\" width=\"150\" height=\"150\" src=\"https:\/\/fortedabarra.pt\/wp-content\/uploads\/2023\/08\/Forte_da_Barra-150x150.jpg\" class=\"attachment-thumbnail size-thumbnail\" alt=\"\" \/><\/a>\n\t\t\t<\/div><\/figure><figure class='gallery-item'>\n\t\t\t<div class='gallery-icon landscape'>\n\t\t\t\t<a data-elementor-open-lightbox=\"yes\" data-elementor-lightbox-slideshow=\"fc64dff\" data-elementor-lightbox-title=\"Forte03_900\" data-e-action-hash=\"#elementor-action%3Aaction%3Dlightbox%26settings%3DeyJpZCI6MjY5LCJ1cmwiOiJodHRwczpcL1wvZm9ydGVkYWJhcnJhLnB0XC93cC1jb250ZW50XC91cGxvYWRzXC8yMDIzXC8wOFwvRm9ydGUwM185MDAuanBnIiwic2xpZGVzaG93IjoiZmM2NGRmZiJ9\" href='https:\/\/fortedabarra.pt\/wp-content\/uploads\/2023\/08\/Forte03_900.jpg'><img loading=\"lazy\" decoding=\"async\" width=\"150\" height=\"150\" src=\"https:\/\/fortedabarra.pt\/wp-content\/uploads\/2023\/08\/Forte03_900-150x150.jpg\" class=\"attachment-thumbnail size-thumbnail\" alt=\"\" \/><\/a>\n\t\t\t<\/div><\/figure>\n\t\t<\/div>\n\t\t<\/div>\n\t\t\t\t\t\t<\/div>\n\t\t\t\t<\/div>\n\t\t\t\t\t<\/div>\n\t\t<\/div>\n\t\t\t\t\t<\/div>\n\t\t<\/section>\n\t\t\t\t<\/div>\n\t\t","protected":false},"excerpt":{"rendered":"<p>Add Your Heading Text Here [rev_slider alias=&#8221;reabilitacao&#8221;][\/rev_slider] EMPREENDIMENTO LOCALIZA\u00c7\u00c3O Destaca-se na margem da Ria de Aveiro pela sua torre de sinais estrategicamente colocada na foz do Rio Vouga, com uma vis\u00e3o ampla e privilegiada sobre a cidade e a Ria de Aveiro. A zona onde o Forte se encontra inserido, \u00e9 rica em patrim\u00f3nio natural [&hellip;]<\/p>\n","protected":false},"author":1,"featured_media":0,"parent":0,"menu_order":0,"comment_status":"closed","ping_status":"closed","template":"elementor_header_footer","meta":{"footnotes":""},"class_list":["post-256","page","type-page","status-publish","hentry"],"yoast_head":"<!-- This site is optimized with the Yoast SEO plugin v27.3 - https:\/\/yoast.com\/product\/yoast-seo-wordpress\/ -->\n<title>Empreendimento - Forte da Barra<\/title>\n<meta name=\"description\" content=\"Descubra o Forte da Barra: Um \u00edcone hist\u00f3rico na margem da Ria de Aveiro, com vis\u00e3o panor\u00e2mica da cidade e da Ria. Explore o rico patrim\u00f3nio natural e cultural de Gafanha da Nazar\u00e9, Aveiro. Uma janela para o passado, agora aberta para todos os visitantes. Localizado em Aveiro, Portugal.\" \/>\n<meta name=\"robots\" content=\"index, follow, max-snippet:-1, max-image-preview:large, max-video-preview:-1\" \/>\n<link rel=\"canonical\" href=\"https:\/\/fortedabarra.pt\/index.php\/empreendimento-turistico\/\" \/>\n<meta property=\"og:locale\" content=\"pt_PT\" \/>\n<meta property=\"og:type\" content=\"article\" \/>\n<meta property=\"og:title\" content=\"Empreendimento - Forte da Barra\" \/>\n<meta property=\"og:description\" content=\"Descubra o Forte da Barra: Um \u00edcone hist\u00f3rico na margem da Ria de Aveiro, com vis\u00e3o panor\u00e2mica da cidade e da Ria. Explore o rico patrim\u00f3nio natural e cultural de Gafanha da Nazar\u00e9, Aveiro. Uma janela para o passado, agora aberta para todos os visitantes. Localizado em Aveiro, Portugal.\" \/>\n<meta property=\"og:url\" content=\"https:\/\/fortedabarra.pt\/index.php\/empreendimento-turistico\/\" \/>\n<meta property=\"og:site_name\" content=\"Forte da Barra\" \/>\n<meta property=\"article:modified_time\" content=\"2023-10-10T15:54:52+00:00\" \/>\n<meta property=\"og:image\" content=\"https:\/\/fortedabarra.pt\/wp-content\/uploads\/2023\/08\/Forte02_900.jpg\" \/>\n<meta name=\"twitter:card\" content=\"summary_large_image\" \/>\n<meta name=\"twitter:label1\" content=\"Tempo estimado de leitura\" \/>\n\t<meta name=\"twitter:data1\" content=\"3 minutos\" \/>\n<script type=\"application\/ld+json\" class=\"yoast-schema-graph\">{\"@context\":\"https:\\\/\\\/schema.org\",\"@graph\":[{\"@type\":[\"WebPage\",\"AboutPage\"],\"@id\":\"https:\\\/\\\/fortedabarra.pt\\\/index.php\\\/empreendimento-turistico\\\/\",\"url\":\"https:\\\/\\\/fortedabarra.pt\\\/index.php\\\/empreendimento-turistico\\\/\",\"name\":\"Empreendimento - Forte da Barra\",\"isPartOf\":{\"@id\":\"https:\\\/\\\/fortedabarra.pt\\\/#website\"},\"primaryImageOfPage\":{\"@id\":\"https:\\\/\\\/fortedabarra.pt\\\/index.php\\\/empreendimento-turistico\\\/#primaryimage\"},\"image\":{\"@id\":\"https:\\\/\\\/fortedabarra.pt\\\/index.php\\\/empreendimento-turistico\\\/#primaryimage\"},\"thumbnailUrl\":\"https:\\\/\\\/fortedabarra.pt\\\/wp-content\\\/uploads\\\/2023\\\/08\\\/Forte02_900.jpg\",\"datePublished\":\"2023-08-16T15:36:48+00:00\",\"dateModified\":\"2023-10-10T15:54:52+00:00\",\"description\":\"Descubra o Forte da Barra: Um \u00edcone hist\u00f3rico na margem da Ria de Aveiro, com vis\u00e3o panor\u00e2mica da cidade e da Ria. Explore o rico patrim\u00f3nio natural e cultural de Gafanha da Nazar\u00e9, Aveiro. Uma janela para o passado, agora aberta para todos os visitantes. Localizado em Aveiro, Portugal.\",\"breadcrumb\":{\"@id\":\"https:\\\/\\\/fortedabarra.pt\\\/index.php\\\/empreendimento-turistico\\\/#breadcrumb\"},\"inLanguage\":\"pt-PT\",\"potentialAction\":[{\"@type\":\"ReadAction\",\"target\":[\"https:\\\/\\\/fortedabarra.pt\\\/index.php\\\/empreendimento-turistico\\\/\"]}]},{\"@type\":\"ImageObject\",\"inLanguage\":\"pt-PT\",\"@id\":\"https:\\\/\\\/fortedabarra.pt\\\/index.php\\\/empreendimento-turistico\\\/#primaryimage\",\"url\":\"https:\\\/\\\/fortedabarra.pt\\\/wp-content\\\/uploads\\\/2023\\\/08\\\/Forte02_900.jpg\",\"contentUrl\":\"https:\\\/\\\/fortedabarra.pt\\\/wp-content\\\/uploads\\\/2023\\\/08\\\/Forte02_900.jpg\",\"width\":900,\"height\":580},{\"@type\":\"BreadcrumbList\",\"@id\":\"https:\\\/\\\/fortedabarra.pt\\\/index.php\\\/empreendimento-turistico\\\/#breadcrumb\",\"itemListElement\":[{\"@type\":\"ListItem\",\"position\":1,\"name\":\"Home\",\"item\":\"https:\\\/\\\/fortedabarra.pt\\\/\"},{\"@type\":\"ListItem\",\"position\":2,\"name\":\"Empreendimento\"}]},{\"@type\":\"WebSite\",\"@id\":\"https:\\\/\\\/fortedabarra.pt\\\/#website\",\"url\":\"https:\\\/\\\/fortedabarra.pt\\\/\",\"name\":\"Forte da Barra\",\"description\":\"Empreendimento do FORTE da BARRA Um legado\u00a0para\u00a0o\u00a0futuro!\",\"publisher\":{\"@id\":\"https:\\\/\\\/fortedabarra.pt\\\/#organization\"},\"potentialAction\":[{\"@type\":\"SearchAction\",\"target\":{\"@type\":\"EntryPoint\",\"urlTemplate\":\"https:\\\/\\\/fortedabarra.pt\\\/?s={search_term_string}\"},\"query-input\":{\"@type\":\"PropertyValueSpecification\",\"valueRequired\":true,\"valueName\":\"search_term_string\"}}],\"inLanguage\":\"pt-PT\"},{\"@type\":\"Organization\",\"@id\":\"https:\\\/\\\/fortedabarra.pt\\\/#organization\",\"name\":\"Forte da Barra\",\"url\":\"https:\\\/\\\/fortedabarra.pt\\\/\",\"logo\":{\"@type\":\"ImageObject\",\"inLanguage\":\"pt-PT\",\"@id\":\"https:\\\/\\\/fortedabarra.pt\\\/#\\\/schema\\\/logo\\\/image\\\/\",\"url\":\"https:\\\/\\\/fortedabarra.pt\\\/wp-content\\\/uploads\\\/2023\\\/08\\\/cropped-Forte-da-Barra_logo-site.png\",\"contentUrl\":\"https:\\\/\\\/fortedabarra.pt\\\/wp-content\\\/uploads\\\/2023\\\/08\\\/cropped-Forte-da-Barra_logo-site.png\",\"width\":292,\"height\":292,\"caption\":\"Forte da Barra\"},\"image\":{\"@id\":\"https:\\\/\\\/fortedabarra.pt\\\/#\\\/schema\\\/logo\\\/image\\\/\"}}]}<\/script>\n<!-- \/ Yoast SEO plugin. -->","yoast_head_json":{"title":"Empreendimento - Forte da Barra","description":"Descubra o Forte da Barra: Um \u00edcone hist\u00f3rico na margem da Ria de Aveiro, com vis\u00e3o panor\u00e2mica da cidade e da Ria. Explore o rico patrim\u00f3nio natural e cultural de Gafanha da Nazar\u00e9, Aveiro. Uma janela para o passado, agora aberta para todos os visitantes. Localizado em Aveiro, Portugal.","robots":{"index":"index","follow":"follow","max-snippet":"max-snippet:-1","max-image-preview":"max-image-preview:large","max-video-preview":"max-video-preview:-1"},"canonical":"https:\/\/fortedabarra.pt\/index.php\/empreendimento-turistico\/","og_locale":"pt_PT","og_type":"article","og_title":"Empreendimento - Forte da Barra","og_description":"Descubra o Forte da Barra: Um \u00edcone hist\u00f3rico na margem da Ria de Aveiro, com vis\u00e3o panor\u00e2mica da cidade e da Ria. Explore o rico patrim\u00f3nio natural e cultural de Gafanha da Nazar\u00e9, Aveiro. Uma janela para o passado, agora aberta para todos os visitantes. Localizado em Aveiro, Portugal.","og_url":"https:\/\/fortedabarra.pt\/index.php\/empreendimento-turistico\/","og_site_name":"Forte da Barra","article_modified_time":"2023-10-10T15:54:52+00:00","og_image":[{"url":"https:\/\/fortedabarra.pt\/wp-content\/uploads\/2023\/08\/Forte02_900.jpg","type":"","width":"","height":""}],"twitter_card":"summary_large_image","twitter_misc":{"Tempo estimado de leitura":"3 minutos"},"schema":{"@context":"https:\/\/schema.org","@graph":[{"@type":["WebPage","AboutPage"],"@id":"https:\/\/fortedabarra.pt\/index.php\/empreendimento-turistico\/","url":"https:\/\/fortedabarra.pt\/index.php\/empreendimento-turistico\/","name":"Empreendimento - Forte da Barra","isPartOf":{"@id":"https:\/\/fortedabarra.pt\/#website"},"primaryImageOfPage":{"@id":"https:\/\/fortedabarra.pt\/index.php\/empreendimento-turistico\/#primaryimage"},"image":{"@id":"https:\/\/fortedabarra.pt\/index.php\/empreendimento-turistico\/#primaryimage"},"thumbnailUrl":"https:\/\/fortedabarra.pt\/wp-content\/uploads\/2023\/08\/Forte02_900.jpg","datePublished":"2023-08-16T15:36:48+00:00","dateModified":"2023-10-10T15:54:52+00:00","description":"Descubra o Forte da Barra: Um \u00edcone hist\u00f3rico na margem da Ria de Aveiro, com vis\u00e3o panor\u00e2mica da cidade e da Ria. Explore o rico patrim\u00f3nio natural e cultural de Gafanha da Nazar\u00e9, Aveiro. Uma janela para o passado, agora aberta para todos os visitantes. Localizado em Aveiro, Portugal.","breadcrumb":{"@id":"https:\/\/fortedabarra.pt\/index.php\/empreendimento-turistico\/#breadcrumb"},"inLanguage":"pt-PT","potentialAction":[{"@type":"ReadAction","target":["https:\/\/fortedabarra.pt\/index.php\/empreendimento-turistico\/"]}]},{"@type":"ImageObject","inLanguage":"pt-PT","@id":"https:\/\/fortedabarra.pt\/index.php\/empreendimento-turistico\/#primaryimage","url":"https:\/\/fortedabarra.pt\/wp-content\/uploads\/2023\/08\/Forte02_900.jpg","contentUrl":"https:\/\/fortedabarra.pt\/wp-content\/uploads\/2023\/08\/Forte02_900.jpg","width":900,"height":580},{"@type":"BreadcrumbList","@id":"https:\/\/fortedabarra.pt\/index.php\/empreendimento-turistico\/#breadcrumb","itemListElement":[{"@type":"ListItem","position":1,"name":"Home","item":"https:\/\/fortedabarra.pt\/"},{"@type":"ListItem","position":2,"name":"Empreendimento"}]},{"@type":"WebSite","@id":"https:\/\/fortedabarra.pt\/#website","url":"https:\/\/fortedabarra.pt\/","name":"Forte da Barra","description":"Empreendimento do FORTE da BARRA Um legado\u00a0para\u00a0o\u00a0futuro!","publisher":{"@id":"https:\/\/fortedabarra.pt\/#organization"},"potentialAction":[{"@type":"SearchAction","target":{"@type":"EntryPoint","urlTemplate":"https:\/\/fortedabarra.pt\/?s={search_term_string}"},"query-input":{"@type":"PropertyValueSpecification","valueRequired":true,"valueName":"search_term_string"}}],"inLanguage":"pt-PT"},{"@type":"Organization","@id":"https:\/\/fortedabarra.pt\/#organization","name":"Forte da Barra","url":"https:\/\/fortedabarra.pt\/","logo":{"@type":"ImageObject","inLanguage":"pt-PT","@id":"https:\/\/fortedabarra.pt\/#\/schema\/logo\/image\/","url":"https:\/\/fortedabarra.pt\/wp-content\/uploads\/2023\/08\/cropped-Forte-da-Barra_logo-site.png","contentUrl":"https:\/\/fortedabarra.pt\/wp-content\/uploads\/2023\/08\/cropped-Forte-da-Barra_logo-site.png","width":292,"height":292,"caption":"Forte da Barra"},"image":{"@id":"https:\/\/fortedabarra.pt\/#\/schema\/logo\/image\/"}}]}},"_links":{"self":[{"href":"https:\/\/fortedabarra.pt\/index.php\/wp-json\/wp\/v2\/pages\/256","targetHints":{"allow":["GET"]}}],"collection":[{"href":"https:\/\/fortedabarra.pt\/index.php\/wp-json\/wp\/v2\/pages"}],"about":[{"href":"https:\/\/fortedabarra.pt\/index.php\/wp-json\/wp\/v2\/types\/page"}],"author":[{"embeddable":true,"href":"https:\/\/fortedabarra.pt\/index.php\/wp-json\/wp\/v2\/users\/1"}],"replies":[{"embeddable":true,"href":"https:\/\/fortedabarra.pt\/index.php\/wp-json\/wp\/v2\/comments?post=256"}],"version-history":[{"count":54,"href":"https:\/\/fortedabarra.pt\/index.php\/wp-json\/wp\/v2\/pages\/256\/revisions"}],"predecessor-version":[{"id":562,"href":"https:\/\/fortedabarra.pt\/index.php\/wp-json\/wp\/v2\/pages\/256\/revisions\/562"}],"wp:attachment":[{"href":"https:\/\/fortedabarra.pt\/index.php\/wp-json\/wp\/v2\/media?parent=256"}],"curies":[{"name":"wp","href":"https:\/\/api.w.org\/{rel}","templated":true}]}}